{"id":12,"date":"2026-02-13T12:23:19","date_gmt":"2026-02-13T12:23:19","guid":{"rendered":"https:\/\/atxuri.rkinformatika.online\/?page_id=12"},"modified":"2026-02-24T09:57:31","modified_gmt":"2026-02-24T09:57:31","slug":"productos","status":"publish","type":"page","link":"https:\/\/atxuri.eu\/eu\/productos\/","title":{"rendered":"Produktuak"},"content":{"rendered":"<div data-elementor-type=\"wp-page\" data-elementor-id=\"12\" class=\"elementor elementor-12\" data-elementor-post-type=\"page\">\n\t\t\t\t<div class=\"elementor-element elementor-element-cb68a06 e-flex e-con-boxed e-con e-parent\" data-id=\"cb68a06\" data-element_type=\"container\" data-e-type=\"container\" data-settings=\"{&quot;background_background&quot;:&quot;classic&quot;}\">\n\t\t\t\t\t<div class=\"e-con-inner\">\n\t\t\t\t<div class=\"elementor-element elementor-element-812271d elementor-widget elementor-widget-heading\" data-id=\"812271d\" data-element_type=\"widget\" data-e-type=\"widget\" data-widget_type=\"heading.default\">\n\t\t\t\t\t<h2 class=\"elementor-heading-title elementor-size-default\">Servicios<\/h2>\t\t\t\t<\/div>\n\t\t\t\t\t<\/div>\n\t\t\t\t<\/div>\n\t\t<div class=\"elementor-element elementor-element-99817f5 e-flex e-con-boxed e-con e-parent\" data-id=\"99817f5\" data-element_type=\"container\" data-e-type=\"container\" data-settings=\"{&quot;background_background&quot;:&quot;classic&quot;}\">\n\t\t\t\t\t<div class=\"e-con-inner\">\n\t\t\t\t<div class=\"elementor-element elementor-element-c944645 elementor-widget-mobile__width-initial elementor-widget elementor-widget-heading\" data-id=\"c944645\" data-element_type=\"widget\" data-e-type=\"widget\" data-widget_type=\"heading.default\">\n\t\t\t\t\t<h2 class=\"elementor-heading-title elementor-size-default\">Creamos art\u00edculos de cuero personalizados con los aut\u00e9nticos logotipos de Euskal Herria, Lauburus y Eguzkilores<\/h2>\t\t\t\t<\/div>\n\t\t\t\t\t<\/div>\n\t\t\t\t<\/div>\n\t\t<div class=\"elementor-element elementor-element-d82295d e-flex e-con-boxed e-con e-parent\" data-id=\"d82295d\" data-element_type=\"container\" data-e-type=\"container\">\n\t\t\t\t\t<div class=\"e-con-inner\">\n\t\t<div class=\"elementor-element elementor-element-37a2035 e-con-full e-flex e-con e-child\" data-id=\"37a2035\" data-element_type=\"container\" data-e-type=\"container\">\n\t\t\t\t<div class=\"elementor-element elementor-element-230ac44 elementor-widget elementor-widget-heading\" data-id=\"230ac44\" data-element_type=\"widget\" data-e-type=\"widget\" data-widget_type=\"heading.default\">\n\t\t\t\t\t<h2 class=\"elementor-heading-title elementor-size-default\">Billeteros de se\u00f1ora y caballero<\/h2>\t\t\t\t<\/div>\n\t\t\t\t<div class=\"elementor-element elementor-element-134ea7e elementor-widget elementor-widget-text-editor\" data-id=\"134ea7e\" data-element_type=\"widget\" data-e-type=\"widget\" data-widget_type=\"text-editor.default\">\n\t\t\t\t\t\t\t\t\t<p>Dise\u00f1ados para acompa\u00f1arte todos los d\u00edas, combinando elegancia y practicidad para mantener tu dinero y documentos seguros con estilo.<\/p>\t\t\t\t\t\t\t\t<\/div>\n\t\t\t\t<\/div>\n\t\t<div class=\"elementor-element elementor-element-e8d1605 e-con-full e-flex e-con e-child\" data-id=\"e8d1605\" data-element_type=\"container\" data-e-type=\"container\">\n\t\t\t\t<div class=\"elementor-element elementor-element-6481866 elementor-widget elementor-widget-image\" data-id=\"6481866\" data-element_type=\"widget\" data-e-type=\"widget\" data-widget_type=\"image.default\">\n\t\t\t\t\t\t\t\t\t\t\t\t\t\t\t<img fetchpriority=\"high\" decoding=\"async\" width=\"800\" height=\"800\" src=\"https:\/\/atxuri.eu\/wp-content\/uploads\/2026\/02\/1-1024x1024.png\" class=\"attachment-large size-large wp-image-406\" alt=\"\" srcset=\"https:\/\/atxuri.eu\/wp-content\/uploads\/2026\/02\/1-1024x1024.png 1024w, https:\/\/atxuri.eu\/wp-content\/uploads\/2026\/02\/1-300x300.png 300w, https:\/\/atxuri.eu\/wp-content\/uploads\/2026\/02\/1-150x150.png 150w, https:\/\/atxuri.eu\/wp-content\/uploads\/2026\/02\/1-768x768.png 768w, https:\/\/atxuri.eu\/wp-content\/uploads\/2026\/02\/1-1536x1536.png 1536w, https:\/\/atxuri.eu\/wp-content\/uploads\/2026\/02\/1-12x12.png 12w, https:\/\/atxuri.eu\/wp-content\/uploads\/2026\/02\/1.png 2000w\" sizes=\"(max-width: 800px) 100vw, 800px\" \/>\t\t\t\t\t\t\t\t\t\t\t\t\t\t\t<\/div>\n\t\t\t\t<\/div>\n\t\t\t\t\t<\/div>\n\t\t\t\t<\/div>\n\t\t<div class=\"elementor-element elementor-element-6e0331d e-flex e-con-boxed e-con e-parent\" data-id=\"6e0331d\" data-element_type=\"container\" data-e-type=\"container\">\n\t\t\t\t\t<div class=\"e-con-inner\">\n\t\t<div class=\"elementor-element elementor-element-86c199b e-con-full e-flex e-con e-child\" data-id=\"86c199b\" data-element_type=\"container\" data-e-type=\"container\">\n\t\t\t\t<div class=\"elementor-element elementor-element-ecd41c0 elementor-widget elementor-widget-heading\" data-id=\"ecd41c0\" data-element_type=\"widget\" data-e-type=\"widget\" data-widget_type=\"heading.default\">\n\t\t\t\t\t<h2 class=\"elementor-heading-title elementor-size-default\">Monederos<\/h2>\t\t\t\t<\/div>\n\t\t\t\t<div class=\"elementor-element elementor-element-ebd85d0 elementor-widget elementor-widget-text-editor\" data-id=\"ebd85d0\" data-element_type=\"widget\" data-e-type=\"widget\" data-widget_type=\"text-editor.default\">\n\t\t\t\t\t\t\t\t\t<p>Peque\u00f1os pero imprescindibles, perfectos para tener tus monedas siempre a mano y sin complicaciones.<\/p>\t\t\t\t\t\t\t\t<\/div>\n\t\t\t\t<\/div>\n\t\t<div class=\"elementor-element elementor-element-b213896 e-con-full e-flex e-con e-child\" data-id=\"b213896\" data-element_type=\"container\" data-e-type=\"container\">\n\t\t\t\t<div class=\"elementor-element elementor-element-94fde29 elementor-widget elementor-widget-image\" data-id=\"94fde29\" data-element_type=\"widget\" data-e-type=\"widget\" data-widget_type=\"image.default\">\n\t\t\t\t\t\t\t\t\t\t\t\t\t\t\t<img decoding=\"async\" width=\"2000\" height=\"2000\" src=\"https:\/\/atxuri.eu\/wp-content\/uploads\/2026\/02\/2-1.png\" class=\"attachment-full size-full wp-image-410\" alt=\"\" srcset=\"https:\/\/atxuri.eu\/wp-content\/uploads\/2026\/02\/2-1.png 2000w, https:\/\/atxuri.eu\/wp-content\/uploads\/2026\/02\/2-1-300x300.png 300w, https:\/\/atxuri.eu\/wp-content\/uploads\/2026\/02\/2-1-1024x1024.png 1024w, https:\/\/atxuri.eu\/wp-content\/uploads\/2026\/02\/2-1-150x150.png 150w, https:\/\/atxuri.eu\/wp-content\/uploads\/2026\/02\/2-1-768x768.png 768w, https:\/\/atxuri.eu\/wp-content\/uploads\/2026\/02\/2-1-1536x1536.png 1536w, https:\/\/atxuri.eu\/wp-content\/uploads\/2026\/02\/2-1-12x12.png 12w\" sizes=\"(max-width: 2000px) 100vw, 2000px\" \/>\t\t\t\t\t\t\t\t\t\t\t\t\t\t\t<\/div>\n\t\t\t\t<\/div>\n\t\t\t\t\t<\/div>\n\t\t\t\t<\/div>\n\t\t<div class=\"elementor-element elementor-element-8db822a e-flex e-con-boxed e-con e-parent\" data-id=\"8db822a\" data-element_type=\"container\" data-e-type=\"container\">\n\t\t\t\t\t<div class=\"e-con-inner\">\n\t\t<div class=\"elementor-element elementor-element-d92901b e-con-full e-flex e-con e-child\" data-id=\"d92901b\" data-element_type=\"container\" data-e-type=\"container\">\n\t\t\t\t<div class=\"elementor-element elementor-element-b0b6b7c elementor-widget elementor-widget-heading\" data-id=\"b0b6b7c\" data-element_type=\"widget\" data-e-type=\"widget\" data-widget_type=\"heading.default\">\n\t\t\t\t\t<h2 class=\"elementor-heading-title elementor-size-default\">Pitilleras<\/h2>\t\t\t\t<\/div>\n\t\t\t\t<div class=\"elementor-element elementor-element-50af447 elementor-widget elementor-widget-text-editor\" data-id=\"50af447\" data-element_type=\"widget\" data-e-type=\"widget\" data-widget_type=\"text-editor.default\">\n\t\t\t\t\t\t\t\t\t<p>Un detalle sofisticado que protege tus cigarrillos y refleja tu personalidad en cada uso.<\/p>\t\t\t\t\t\t\t\t<\/div>\n\t\t\t\t<\/div>\n\t\t<div class=\"elementor-element elementor-element-0efcfbd e-con-full e-flex e-con e-child\" data-id=\"0efcfbd\" data-element_type=\"container\" data-e-type=\"container\">\n\t\t\t\t<div class=\"elementor-element elementor-element-a3cedf6 elementor-widget elementor-widget-image\" data-id=\"a3cedf6\" data-element_type=\"widget\" data-e-type=\"widget\" data-widget_type=\"image.default\">\n\t\t\t\t\t\t\t\t\t\t\t\t\t\t\t<img decoding=\"async\" width=\"800\" height=\"800\" src=\"https:\/\/atxuri.eu\/wp-content\/uploads\/2026\/02\/3-1-1024x1024.png\" class=\"attachment-large size-large wp-image-411\" alt=\"\" srcset=\"https:\/\/atxuri.eu\/wp-content\/uploads\/2026\/02\/3-1-1024x1024.png 1024w, https:\/\/atxuri.eu\/wp-content\/uploads\/2026\/02\/3-1-300x300.png 300w, https:\/\/atxuri.eu\/wp-content\/uploads\/2026\/02\/3-1-150x150.png 150w, https:\/\/atxuri.eu\/wp-content\/uploads\/2026\/02\/3-1-768x768.png 768w, https:\/\/atxuri.eu\/wp-content\/uploads\/2026\/02\/3-1-1536x1536.png 1536w, https:\/\/atxuri.eu\/wp-content\/uploads\/2026\/02\/3-1-12x12.png 12w, https:\/\/atxuri.eu\/wp-content\/uploads\/2026\/02\/3-1.png 2000w\" sizes=\"(max-width: 800px) 100vw, 800px\" \/>\t\t\t\t\t\t\t\t\t\t\t\t\t\t\t<\/div>\n\t\t\t\t<\/div>\n\t\t\t\t\t<\/div>\n\t\t\t\t<\/div>\n\t\t<div class=\"elementor-element elementor-element-566b8ce e-flex e-con-boxed e-con e-parent\" data-id=\"566b8ce\" data-element_type=\"container\" data-e-type=\"container\">\n\t\t\t\t\t<div class=\"e-con-inner\">\n\t\t<div class=\"elementor-element elementor-element-7fc2ae7 e-con-full e-flex e-con e-child\" data-id=\"7fc2ae7\" data-element_type=\"container\" data-e-type=\"container\">\n\t\t\t\t<div class=\"elementor-element elementor-element-d26831f elementor-widget elementor-widget-heading\" data-id=\"d26831f\" data-element_type=\"widget\" data-e-type=\"widget\" data-widget_type=\"heading.default\">\n\t\t\t\t\t<h2 class=\"elementor-heading-title elementor-size-default\">Fundas tabaco de liar<\/h2>\t\t\t\t<\/div>\n\t\t\t\t<div class=\"elementor-element elementor-element-70867db elementor-widget elementor-widget-text-editor\" data-id=\"70867db\" data-element_type=\"widget\" data-e-type=\"widget\" data-widget_type=\"text-editor.default\">\n\t\t\t\t\t\t\t\t\t<p>Pensadas para quienes disfrutan de su momento, cuidando tu tabaco y accesorios con comodidad y estilo.<\/p>\t\t\t\t\t\t\t\t<\/div>\n\t\t\t\t<\/div>\n\t\t<div class=\"elementor-element elementor-element-88f5a85 e-con-full e-flex e-con e-child\" data-id=\"88f5a85\" data-element_type=\"container\" data-e-type=\"container\">\n\t\t\t\t<div class=\"elementor-element elementor-element-640d2b9 elementor-widget elementor-widget-image\" data-id=\"640d2b9\" data-element_type=\"widget\" data-e-type=\"widget\" data-widget_type=\"image.default\">\n\t\t\t\t\t\t\t\t\t\t\t\t\t\t\t<img loading=\"lazy\" decoding=\"async\" width=\"800\" height=\"602\" src=\"https:\/\/atxuri.eu\/wp-content\/uploads\/2026\/02\/Diseno-sin-titulo-2-e1771927008376-1024x770.png\" class=\"attachment-large size-large wp-image-442\" alt=\"\" srcset=\"https:\/\/atxuri.eu\/wp-content\/uploads\/2026\/02\/Diseno-sin-titulo-2-e1771927008376-1024x770.png 1024w, https:\/\/atxuri.eu\/wp-content\/uploads\/2026\/02\/Diseno-sin-titulo-2-e1771927008376-300x225.png 300w, https:\/\/atxuri.eu\/wp-content\/uploads\/2026\/02\/Diseno-sin-titulo-2-e1771927008376-768x577.png 768w, https:\/\/atxuri.eu\/wp-content\/uploads\/2026\/02\/Diseno-sin-titulo-2-e1771927008376-1536x1154.png 1536w, https:\/\/atxuri.eu\/wp-content\/uploads\/2026\/02\/Diseno-sin-titulo-2-e1771927008376-16x12.png 16w, https:\/\/atxuri.eu\/wp-content\/uploads\/2026\/02\/Diseno-sin-titulo-2-e1771927008376.png 2000w\" sizes=\"(max-width: 800px) 100vw, 800px\" \/>\t\t\t\t\t\t\t\t\t\t\t\t\t\t\t<\/div>\n\t\t\t\t<\/div>\n\t\t\t\t\t<\/div>\n\t\t\t\t<\/div>\n\t\t<div class=\"elementor-element elementor-element-dde33aa e-flex e-con-boxed e-con e-parent\" data-id=\"dde33aa\" data-element_type=\"container\" data-e-type=\"container\">\n\t\t\t\t\t<div class=\"e-con-inner\">\n\t\t<div class=\"elementor-element elementor-element-ca3dab2 e-con-full e-flex e-con e-child\" data-id=\"ca3dab2\" data-element_type=\"container\" data-e-type=\"container\">\n\t\t\t\t<div class=\"elementor-element elementor-element-a6a1896 elementor-widget elementor-widget-heading\" data-id=\"a6a1896\" data-element_type=\"widget\" data-e-type=\"widget\" data-widget_type=\"heading.default\">\n\t\t\t\t\t<h2 class=\"elementor-heading-title elementor-size-default\">Tarjeteros<\/h2>\t\t\t\t<\/div>\n\t\t\t\t<div class=\"elementor-element elementor-element-b04cd7b elementor-widget elementor-widget-text-editor\" data-id=\"b04cd7b\" data-element_type=\"widget\" data-e-type=\"widget\" data-widget_type=\"text-editor.default\">\n\t\t\t\t\t\t\t\t\t<p>Mant\u00e9n tus tarjetas organizadas y al alcance, con un dise\u00f1o que hace que cada detalle cuente.<\/p>\t\t\t\t\t\t\t\t<\/div>\n\t\t\t\t<\/div>\n\t\t<div class=\"elementor-element elementor-element-c6703fa e-con-full e-flex e-con e-child\" data-id=\"c6703fa\" data-element_type=\"container\" data-e-type=\"container\">\n\t\t\t\t<div class=\"elementor-element elementor-element-2092b0a elementor-widget elementor-widget-image\" data-id=\"2092b0a\" data-element_type=\"widget\" data-e-type=\"widget\" data-widget_type=\"image.default\">\n\t\t\t\t\t\t\t\t\t\t\t\t\t\t\t<img decoding=\"async\" src=\"https:\/\/atxuri.eu\/wp-content\/uploads\/elementor\/thumbs\/4564-rjmbz48lbjfuwy5qe3i1gp2ed1609vzzmjzvhl4zhc.jpg\" title=\"4564\" alt=\"4564\" loading=\"lazy\" \/>\t\t\t\t\t\t\t\t\t\t\t\t\t\t\t<\/div>\n\t\t\t\t<\/div>\n\t\t\t\t\t<\/div>\n\t\t\t\t<\/div>\n\t\t<div class=\"elementor-element elementor-element-44ba1a3 e-flex e-con-boxed e-con e-parent\" data-id=\"44ba1a3\" data-element_type=\"container\" data-e-type=\"container\">\n\t\t\t\t\t<div class=\"e-con-inner\">\n\t\t<div class=\"elementor-element elementor-element-6e61d0f e-con-full e-flex e-con e-child\" data-id=\"6e61d0f\" data-element_type=\"container\" data-e-type=\"container\">\n\t\t\t\t<div class=\"elementor-element elementor-element-a1dec11 elementor-widget elementor-widget-heading\" data-id=\"a1dec11\" data-element_type=\"widget\" data-e-type=\"widget\" data-widget_type=\"heading.default\">\n\t\t\t\t\t<h2 class=\"elementor-heading-title elementor-size-default\">Llaveros<\/h2>\t\t\t\t<\/div>\n\t\t\t\t<div class=\"elementor-element elementor-element-6b02094 elementor-widget elementor-widget-text-editor\" data-id=\"6b02094\" data-element_type=\"widget\" data-e-type=\"widget\" data-widget_type=\"text-editor.default\">\n\t\t\t\t\t\t\t\t\t<p>M\u00e1s que un accesorio, un compa\u00f1ero diario que une practicidad y un toque de estilo personal.<\/p>\t\t\t\t\t\t\t\t<\/div>\n\t\t\t\t<\/div>\n\t\t<div class=\"elementor-element elementor-element-4abf070 e-con-full e-flex e-con e-child\" data-id=\"4abf070\" data-element_type=\"container\" data-e-type=\"container\">\n\t\t\t\t<div class=\"elementor-element elementor-element-19c18a7 elementor-widget elementor-widget-image\" data-id=\"19c18a7\" data-element_type=\"widget\" data-e-type=\"widget\" data-widget_type=\"image.default\">\n\t\t\t\t\t\t\t\t\t\t\t\t\t\t\t<img loading=\"lazy\" decoding=\"async\" width=\"2000\" height=\"2000\" src=\"https:\/\/atxuri.eu\/wp-content\/uploads\/2026\/02\/4.png\" class=\"attachment-full size-full wp-image-401\" alt=\"\" srcset=\"https:\/\/atxuri.eu\/wp-content\/uploads\/2026\/02\/4.png 2000w, https:\/\/atxuri.eu\/wp-content\/uploads\/2026\/02\/4-300x300.png 300w, https:\/\/atxuri.eu\/wp-content\/uploads\/2026\/02\/4-1024x1024.png 1024w, https:\/\/atxuri.eu\/wp-content\/uploads\/2026\/02\/4-150x150.png 150w, https:\/\/atxuri.eu\/wp-content\/uploads\/2026\/02\/4-768x768.png 768w, https:\/\/atxuri.eu\/wp-content\/uploads\/2026\/02\/4-1536x1536.png 1536w, https:\/\/atxuri.eu\/wp-content\/uploads\/2026\/02\/4-12x12.png 12w\" sizes=\"(max-width: 2000px) 100vw, 2000px\" \/>\t\t\t\t\t\t\t\t\t\t\t\t\t\t\t<\/div>\n\t\t\t\t<\/div>\n\t\t\t\t\t<\/div>\n\t\t\t\t<\/div>\n\t\t<div class=\"elementor-element elementor-element-9ceb940 e-flex e-con-boxed e-con e-parent\" data-id=\"9ceb940\" data-element_type=\"container\" data-e-type=\"container\" data-settings=\"{&quot;background_background&quot;:&quot;classic&quot;}\">\n\t\t\t\t\t<div class=\"e-con-inner\">\n\t\t\t\t<div class=\"elementor-element elementor-element-4bee77a elementor-widget elementor-widget-heading\" data-id=\"4bee77a\" data-element_type=\"widget\" data-e-type=\"widget\" data-widget_type=\"heading.default\">\n\t\t\t\t\t<h2 class=\"elementor-heading-title elementor-size-default\">Cont\u00e1ctanos para ventas al por mayor<\/h2>\t\t\t\t<\/div>\n\t\t\t\t<div class=\"elementor-element elementor-element-425fca2 elementor-widget elementor-widget-button\" data-id=\"425fca2\" data-element_type=\"widget\" data-e-type=\"widget\" data-widget_type=\"button.default\">\n\t\t\t\t\t\t\t\t\t\t<a class=\"elementor-button elementor-button-link elementor-size-sm\" href=\"\/eu\/contacto\/\">\n\t\t\t\t\t\t<span class=\"elementor-button-content-wrapper\">\n\t\t\t\t\t\t\t\t\t<span class=\"elementor-button-text\">escr\u00edbenos<\/span>\n\t\t\t\t\t<\/span>\n\t\t\t\t\t<\/a>\n\t\t\t\t\t\t\t\t<\/div>\n\t\t\t\t\t<\/div>\n\t\t\t\t<\/div>\n\t\t\t\t<\/div>","protected":false},"excerpt":{"rendered":"<p>Servicios Creamos art\u00edculos de cuero personalizados con los aut\u00e9nticos logotipos de Euskal Herria, Lauburus y Eguzkilores Billeteros de se\u00f1ora y caballero Dise\u00f1ados para acompa\u00f1arte todos los d\u00edas, combinando elegancia y practicidad para mantener tu dinero y documentos seguros con estilo. Monederos Peque\u00f1os pero imprescindibles, perfectos para tener tus monedas siempre a mano y sin complicaciones. [&hellip;]<\/p>\n","protected":false},"author":1,"featured_media":0,"parent":0,"menu_order":0,"comment_status":"closed","ping_status":"closed","template":"elementor_canvas","meta":{"footnotes":""},"class_list":["post-12","page","type-page","status-publish","hentry"],"yoast_head":"<!-- This site is optimized with the Yoast SEO plugin v27.3 - https:\/\/yoast.com\/product\/yoast-seo-wordpress\/ -->\n<title>Productos - Atxuri<\/title>\n<meta name=\"robots\" content=\"index, follow, max-snippet:-1, max-image-preview:large, max-video-preview:-1\" \/>\n<link rel=\"canonical\" href=\"https:\/\/atxuri.eu\/eu\/productos\/\" \/>\n<meta property=\"og:locale\" content=\"en_US\" \/>\n<meta property=\"og:type\" content=\"article\" \/>\n<meta property=\"og:title\" content=\"Productos - Atxuri\" \/>\n<meta property=\"og:description\" content=\"Servicios Creamos art\u00edculos de cuero personalizados con los aut\u00e9nticos logotipos de Euskal Herria, Lauburus y Eguzkilores Billeteros de se\u00f1ora y caballero Dise\u00f1ados para acompa\u00f1arte todos los d\u00edas, combinando elegancia y practicidad para mantener tu dinero y documentos seguros con estilo. Monederos Peque\u00f1os pero imprescindibles, perfectos para tener tus monedas siempre a mano y sin complicaciones. [&hellip;]\" \/>\n<meta property=\"og:url\" content=\"https:\/\/atxuri.eu\/eu\/productos\/\" \/>\n<meta property=\"og:site_name\" content=\"Atxuri\" \/>\n<meta property=\"article:modified_time\" content=\"2026-02-24T09:57:31+00:00\" \/>\n<meta property=\"og:image\" content=\"https:\/\/atxuri.eu\/wp-content\/uploads\/2026\/02\/1.png\" \/>\n\t<meta property=\"og:image:width\" content=\"2000\" \/>\n\t<meta property=\"og:image:height\" content=\"2000\" \/>\n\t<meta property=\"og:image:type\" content=\"image\/png\" \/>\n<meta name=\"twitter:card\" content=\"summary_large_image\" \/>\n<meta name=\"twitter:label1\" content=\"Est. reading time\" \/>\n\t<meta name=\"twitter:data1\" content=\"1 minutua\" \/>\n<script type=\"application\/ld+json\" class=\"yoast-schema-graph\">{\"@context\":\"https:\\\/\\\/schema.org\",\"@graph\":[{\"@type\":\"WebPage\",\"@id\":\"https:\\\/\\\/atxuri.eu\\\/productos\\\/\",\"url\":\"https:\\\/\\\/atxuri.eu\\\/productos\\\/\",\"name\":\"Productos - Atxuri\",\"isPartOf\":{\"@id\":\"https:\\\/\\\/atxuri.eu\\\/#website\"},\"primaryImageOfPage\":{\"@id\":\"https:\\\/\\\/atxuri.eu\\\/productos\\\/#primaryimage\"},\"image\":{\"@id\":\"https:\\\/\\\/atxuri.eu\\\/productos\\\/#primaryimage\"},\"thumbnailUrl\":\"https:\\\/\\\/atxuri.eu\\\/wp-content\\\/uploads\\\/2026\\\/02\\\/1-1024x1024.png\",\"datePublished\":\"2026-02-13T12:23:19+00:00\",\"dateModified\":\"2026-02-24T09:57:31+00:00\",\"breadcrumb\":{\"@id\":\"https:\\\/\\\/atxuri.eu\\\/productos\\\/#breadcrumb\"},\"inLanguage\":\"eu\",\"potentialAction\":[{\"@type\":\"ReadAction\",\"target\":[\"https:\\\/\\\/atxuri.eu\\\/productos\\\/\"]}]},{\"@type\":\"ImageObject\",\"inLanguage\":\"eu\",\"@id\":\"https:\\\/\\\/atxuri.eu\\\/productos\\\/#primaryimage\",\"url\":\"https:\\\/\\\/atxuri.eu\\\/wp-content\\\/uploads\\\/2026\\\/02\\\/1-1024x1024.png\",\"contentUrl\":\"https:\\\/\\\/atxuri.eu\\\/wp-content\\\/uploads\\\/2026\\\/02\\\/1-1024x1024.png\"},{\"@type\":\"BreadcrumbList\",\"@id\":\"https:\\\/\\\/atxuri.eu\\\/productos\\\/#breadcrumb\",\"itemListElement\":[{\"@type\":\"ListItem\",\"position\":1,\"name\":\"Portada\",\"item\":\"https:\\\/\\\/atxuri.eu\\\/\"},{\"@type\":\"ListItem\",\"position\":2,\"name\":\"Productos\"}]},{\"@type\":\"WebSite\",\"@id\":\"https:\\\/\\\/atxuri.eu\\\/#website\",\"url\":\"https:\\\/\\\/atxuri.eu\\\/\",\"name\":\"Atxuri\",\"description\":\"Empresa dedicada a la venta de art\u00edculos de piel, con m\u00e1s de 50 a\u00f1os en el mercado, en segunda generaci\u00f3n. En constante innovaci\u00f3n en cuanto a calidad y dise\u00f1o.\",\"publisher\":{\"@id\":\"https:\\\/\\\/atxuri.eu\\\/#organization\"},\"potentialAction\":[{\"@type\":\"SearchAction\",\"target\":{\"@type\":\"EntryPoint\",\"urlTemplate\":\"https:\\\/\\\/atxuri.eu\\\/?s={search_term_string}\"},\"query-input\":{\"@type\":\"PropertyValueSpecification\",\"valueRequired\":true,\"valueName\":\"search_term_string\"}}],\"inLanguage\":\"eu\"},{\"@type\":\"Organization\",\"@id\":\"https:\\\/\\\/atxuri.eu\\\/#organization\",\"name\":\"Atxuri\",\"url\":\"https:\\\/\\\/atxuri.eu\\\/\",\"logo\":{\"@type\":\"ImageObject\",\"inLanguage\":\"eu\",\"@id\":\"https:\\\/\\\/atxuri.eu\\\/#\\\/schema\\\/logo\\\/image\\\/\",\"url\":\"https:\\\/\\\/atxuri.eu\\\/wp-content\\\/uploads\\\/2026\\\/02\\\/atxuricarpiel202601_logo_web.png\",\"contentUrl\":\"https:\\\/\\\/atxuri.eu\\\/wp-content\\\/uploads\\\/2026\\\/02\\\/atxuricarpiel202601_logo_web.png\",\"width\":1080,\"height\":1080,\"caption\":\"Atxuri\"},\"image\":{\"@id\":\"https:\\\/\\\/atxuri.eu\\\/#\\\/schema\\\/logo\\\/image\\\/\"}}]}<\/script>\n<!-- \/ Yoast SEO plugin. -->","yoast_head_json":{"title":"Productos - Atxuri","robots":{"index":"index","follow":"follow","max-snippet":"max-snippet:-1","max-image-preview":"max-image-preview:large","max-video-preview":"max-video-preview:-1"},"canonical":"https:\/\/atxuri.eu\/eu\/productos\/","og_locale":"en_US","og_type":"article","og_title":"Productos - Atxuri","og_description":"Servicios Creamos art\u00edculos de cuero personalizados con los aut\u00e9nticos logotipos de Euskal Herria, Lauburus y Eguzkilores Billeteros de se\u00f1ora y caballero Dise\u00f1ados para acompa\u00f1arte todos los d\u00edas, combinando elegancia y practicidad para mantener tu dinero y documentos seguros con estilo. Monederos Peque\u00f1os pero imprescindibles, perfectos para tener tus monedas siempre a mano y sin complicaciones. [&hellip;]","og_url":"https:\/\/atxuri.eu\/eu\/productos\/","og_site_name":"Atxuri","article_modified_time":"2026-02-24T09:57:31+00:00","og_image":[{"width":2000,"height":2000,"url":"https:\/\/atxuri.eu\/wp-content\/uploads\/2026\/02\/1.png","type":"image\/png"}],"twitter_card":"summary_large_image","twitter_misc":{"Est. reading time":"1 minutua"},"schema":{"@context":"https:\/\/schema.org","@graph":[{"@type":"WebPage","@id":"https:\/\/atxuri.eu\/productos\/","url":"https:\/\/atxuri.eu\/productos\/","name":"Productos - Atxuri","isPartOf":{"@id":"https:\/\/atxuri.eu\/#website"},"primaryImageOfPage":{"@id":"https:\/\/atxuri.eu\/productos\/#primaryimage"},"image":{"@id":"https:\/\/atxuri.eu\/productos\/#primaryimage"},"thumbnailUrl":"https:\/\/atxuri.eu\/wp-content\/uploads\/2026\/02\/1-1024x1024.png","datePublished":"2026-02-13T12:23:19+00:00","dateModified":"2026-02-24T09:57:31+00:00","breadcrumb":{"@id":"https:\/\/atxuri.eu\/productos\/#breadcrumb"},"inLanguage":"eu","potentialAction":[{"@type":"ReadAction","target":["https:\/\/atxuri.eu\/productos\/"]}]},{"@type":"ImageObject","inLanguage":"eu","@id":"https:\/\/atxuri.eu\/productos\/#primaryimage","url":"https:\/\/atxuri.eu\/wp-content\/uploads\/2026\/02\/1-1024x1024.png","contentUrl":"https:\/\/atxuri.eu\/wp-content\/uploads\/2026\/02\/1-1024x1024.png"},{"@type":"BreadcrumbList","@id":"https:\/\/atxuri.eu\/productos\/#breadcrumb","itemListElement":[{"@type":"ListItem","position":1,"name":"Portada","item":"https:\/\/atxuri.eu\/"},{"@type":"ListItem","position":2,"name":"Productos"}]},{"@type":"WebSite","@id":"https:\/\/atxuri.eu\/#website","url":"https:\/\/atxuri.eu\/","name":"Atxuri","description":"Empresa dedicada a la venta de art\u00edculos de piel, con m\u00e1s de 50 a\u00f1os en el mercado, en segunda generaci\u00f3n. En constante innovaci\u00f3n en cuanto a calidad y dise\u00f1o.","publisher":{"@id":"https:\/\/atxuri.eu\/#organization"},"potentialAction":[{"@type":"SearchAction","target":{"@type":"EntryPoint","urlTemplate":"https:\/\/atxuri.eu\/?s={search_term_string}"},"query-input":{"@type":"PropertyValueSpecification","valueRequired":true,"valueName":"search_term_string"}}],"inLanguage":"eu"},{"@type":"Organization","@id":"https:\/\/atxuri.eu\/#organization","name":"Atxuri","url":"https:\/\/atxuri.eu\/","logo":{"@type":"ImageObject","inLanguage":"eu","@id":"https:\/\/atxuri.eu\/#\/schema\/logo\/image\/","url":"https:\/\/atxuri.eu\/wp-content\/uploads\/2026\/02\/atxuricarpiel202601_logo_web.png","contentUrl":"https:\/\/atxuri.eu\/wp-content\/uploads\/2026\/02\/atxuricarpiel202601_logo_web.png","width":1080,"height":1080,"caption":"Atxuri"},"image":{"@id":"https:\/\/atxuri.eu\/#\/schema\/logo\/image\/"}}]}},"_links":{"self":[{"href":"https:\/\/atxuri.eu\/eu\/wp-json\/wp\/v2\/pages\/12","targetHints":{"allow":["GET"]}}],"collection":[{"href":"https:\/\/atxuri.eu\/eu\/wp-json\/wp\/v2\/pages"}],"about":[{"href":"https:\/\/atxuri.eu\/eu\/wp-json\/wp\/v2\/types\/page"}],"author":[{"embeddable":true,"href":"https:\/\/atxuri.eu\/eu\/wp-json\/wp\/v2\/users\/1"}],"replies":[{"embeddable":true,"href":"https:\/\/atxuri.eu\/eu\/wp-json\/wp\/v2\/comments?post=12"}],"version-history":[{"count":92,"href":"https:\/\/atxuri.eu\/eu\/wp-json\/wp\/v2\/pages\/12\/revisions"}],"predecessor-version":[{"id":480,"href":"https:\/\/atxuri.eu\/eu\/wp-json\/wp\/v2\/pages\/12\/revisions\/480"}],"wp:attachment":[{"href":"https:\/\/atxuri.eu\/eu\/wp-json\/wp\/v2\/media?parent=12"}],"curies":[{"name":"wp","href":"https:\/\/api.w.org\/{rel}","templated":true}]}}